{"id":3838,"date":"2024-11-28T08:40:34","date_gmt":"2024-11-28T00:40:34","guid":{"rendered":"https:\/\/holacigar.com\/product\/gran-piramides-collection-book-2017\/"},"modified":"2025-02-17T10:07:48","modified_gmt":"2025-02-17T02:07:48","slug":"gran-piramides-collection-book-2017","status":"publish","type":"product","link":"https:\/\/holacigar.com\/en\/product\/gran-piramids-collection-book-2017\/","title":{"rendered":"GRAN PIRAMIDES COLLECTION BOOK 2017"},"content":{"rendered":"<p>The Montecristo Gran Piramides, a book version of the cigar announced by Habanos in 2017, was finally released at the end of April 2019. Habanos SA, the monopoly and global distributor of Cuban cigars, began issuing Colecci\u00f3n Habanos cigars in 2001. Since then, the company has launched a new book edition cigar almost every year. This newly launched Montecristo Gran Pir\u00e1mides limited edition is one of the Colecci\u00f3n Habanos series! Monte Gran Pir\u00e1mides is a longer, thicker and stronger version of Montecristo 2. It is packaged in the form of a book, with 20 sticks per box. Limited to 2,000 boxes worldwide.<\/p>","protected":false},"excerpt":{"rendered":"<p>Light brown<\/p>","protected":false},"featured_media":3839,"comment_status":"closed","ping_status":"open","template":"","meta":{"_acf_changed":false},"product_brand":[],"product_cat":[247],"product_tag":[],"class_list":{"0":"post-3838","1":"product","2":"type-product","3":"status-publish","4":"has-post-thumbnail","6":"product_cat-montecristo","8":"first","9":"outofstock","10":"purchasable","11":"product-type-simple"},"acf":[],"_links":{"self":[{"href":"https:\/\/holacigar.com\/en\/wp-json\/wp\/v2\/product\/3838","targetHints":{"allow":["GET"]}}],"collection":[{"href":"https:\/\/holacigar.com\/en\/wp-json\/wp\/v2\/product"}],"about":[{"href":"https:\/\/holacigar.com\/en\/wp-json\/wp\/v2\/types\/product"}],"replies":[{"embeddable":true,"href":"https:\/\/holacigar.com\/en\/wp-json\/wp\/v2\/comments?post=3838"}],"wp:featuredmedia":[{"embeddable":true,"href":"https:\/\/holacigar.com\/en\/wp-json\/wp\/v2\/media\/3839"}],"wp:attachment":[{"href":"https:\/\/holacigar.com\/en\/wp-json\/wp\/v2\/media?parent=3838"}],"wp:term":[{"taxonomy":"product_brand","embeddable":true,"href":"https:\/\/holacigar.com\/en\/wp-json\/wp\/v2\/product_brand?post=3838"},{"taxonomy":"product_cat","embeddable":true,"href":"https:\/\/holacigar.com\/en\/wp-json\/wp\/v2\/product_cat?post=3838"},{"taxonomy":"product_tag","embeddable":true,"href":"https:\/\/holacigar.com\/en\/wp-json\/wp\/v2\/product_tag?post=3838"}],"curies":[{"name":"wp","href":"https:\/\/api.w.org\/{rel}","templated":true}]}}